{"id":38,"date":"2021-12-08T11:38:53","date_gmt":"2021-12-08T11:38:53","guid":{"rendered":"https:\/\/kadence.pixel-show.com\/outdoor-shop\/?page_id=13"},"modified":"2023-11-11T21:25:19","modified_gmt":"2023-11-11T21:25:19","slug":"home","status":"publish","type":"page","link":"https:\/\/www.kajakkivuokrauskuopio.fi\/","title":{"rendered":"Etusivu"},"content":{"rendered":"<style>#kt-layout-id_6e4209-ff > .kt-row-column-wrap{align-content:start;}:where(#kt-layout-id_6e4209-ff > .kt-row-column-wrap) > .wp-block-kadence-column{justify-content:start;}#kt-layout-id_6e4209-ff > .kt-row-column-wrap{column-gap:var(--global-kb-gap-md, 2rem);row-gap:var(--global-kb-gap-md, 2rem);max-width:var( --global-content-width, 1290px );padding-left:var(--global-content-edge-padding);padding-right:var(--global-content-edge-padding);padding-top:var( --global-kb-row-default-top, 25px );padding-bottom:var( --global-kb-row-default-bottom, 25px );padding-top:120px;padding-bottom:220px;grid-template-columns:minmax(0, 1fr);}#kt-layout-id_6e4209-ff{background-image:url('https:\/\/www.kajakkivuokrauskuopio.fi\/wp-content\/uploads\/2022\/05\/Etusivu-Kajakkivuokraus-kuopio.jpg');background-size:cover;background-position:59% 32%;background-attachment:scroll;background-repeat:no-repeat;}#kt-layout-id_6e4209-ff > .kt-row-layout-overlay{opacity:0.30;}@media all and (max-width: 1024px){#kt-layout-id_6e4209-ff > .kt-row-column-wrap{grid-template-columns:minmax(0, 1fr);}}@media all and (max-width: 767px){#kt-layout-id_6e4209-ff > .kt-row-column-wrap{grid-template-columns:minmax(0, 1fr);}}<\/style>\n<div class=\"wp-block-kadence-rowlayout alignnone\"><div id=\"kt-layout-id_6e4209-ff\" class=\"kt-row-layout-inner kt-row-has-bg kt-layout-id_6e4209-ff\"><div class=\"kt-row-column-wrap kt-has-1-columns kt-gutter-default kt-v-gutter-default kt-row-valign-top kt-row-layout-equal kt-tab-layout-inherit kt-m-colapse-left-to-right kt-mobile-layout-row kb-theme-content-width\"><style>.kadence-column_fab1b1-f6 > .kt-inside-inner-col{border-top-width:0px;border-right-width:0px;border-bottom-width:0px;border-left-width:0px;}.kadence-column_fab1b1-f6 > .kt-inside-inner-col,.kadence-column_fab1b1-f6 > .kt-inside-inner-col:before{border-top-left-radius:0px;border-top-right-radius:0px;border-bottom-right-radius:0px;border-bottom-left-radius:0px;}.kadence-column_fab1b1-f6 > .kt-inside-inner-col{column-gap:var(--global-kb-gap-sm, 1rem);}.kadence-column_fab1b1-f6 > .kt-inside-inner-col{flex-direction:column;}.kadence-column_fab1b1-f6 > .kt-inside-inner-col > .aligncenter{width:100%;}.kadence-column_fab1b1-f6 > .kt-inside-inner-col:before{opacity:0.3;}.kadence-column_fab1b1-f6{position:relative;}@media all and (max-width: 1024px){.kadence-column_fab1b1-f6 > .kt-inside-inner-col{flex-direction:column;justify-content:center;}}@media all and (max-width: 767px){.kadence-column_fab1b1-f6 > .kt-inside-inner-col{flex-direction:column;justify-content:center;}}<\/style>\n<div class=\"wp-block-kadence-column inner-column-1 kadence-column_fab1b1-f6\"><div class=\"kt-inside-inner-col\"><style>.wp-block-kadence-advancedheading.kt-adv-heading_d09234-db, .wp-block-kadence-advancedheading.kt-adv-heading_d09234-db[data-kb-block=\"kb-adv-heading_d09234-db\"]{font-size:50px;line-height:0.9em;font-style:normal;}.wp-block-kadence-advancedheading.kt-adv-heading_d09234-db mark.kt-highlight, .wp-block-kadence-advancedheading.kt-adv-heading_d09234-db[data-kb-block=\"kb-adv-heading_d09234-db\"] mark.kt-highlight{font-style:normal;color:#f76a0c;-webkit-box-decoration-break:clone;box-decoration-break:clone;padding-top:0px;padding-right:0px;padding-bottom:0px;padding-left:0px;}@media all and (max-width: 767px){.wp-block-kadence-advancedheading.kt-adv-heading_d09234-db, .wp-block-kadence-advancedheading.kt-adv-heading_d09234-db[data-kb-block=\"kb-adv-heading_d09234-db\"]{font-size:40px;}}<\/style>\n<h2 class=\"kt-adv-heading_d09234-db wp-block-kadence-advancedheading has-theme-palette-9-color has-text-color\" data-kb-block=\"kb-adv-heading_d09234-db\">KajakkiVuokraus Kuopio<\/h2>\n\n\n<style>.wp-block-kadence-advancedheading.kt-adv-heading_21439e-8d, .wp-block-kadence-advancedheading.kt-adv-heading_21439e-8d[data-kb-block=\"kb-adv-heading_21439e-8d\"]{font-style:normal;color:#4a5568;}.wp-block-kadence-advancedheading.kt-adv-heading_21439e-8d mark.kt-highlight, .wp-block-kadence-advancedheading.kt-adv-heading_21439e-8d[data-kb-block=\"kb-adv-heading_21439e-8d\"] mark.kt-highlight{font-style:normal;color:#f76a0c;-webkit-box-decoration-break:clone;box-decoration-break:clone;padding-top:0px;padding-right:0px;padding-bottom:0px;padding-left:0px;}<\/style>\n<p class=\"kt-adv-heading_21439e-8d wp-block-kadence-advancedheading\" data-kb-block=\"kb-adv-heading_21439e-8d\"><\/p>\n\n\n<style>.wp-block-kadence-advancedbtn.kb-btns_6d46a9-8c{gap:var(--global-kb-gap-xs, 0.5rem );justify-content:flex-start;align-items:center;}.kt-btns_6d46a9-8c .kt-button{font-weight:normal;font-style:normal;}.kt-btns_6d46a9-8c .kt-btn-wrap-0{margin-right:5px;}.wp-block-kadence-advancedbtn.kt-btns_6d46a9-8c .kt-btn-wrap-0 .kt-button::before{display:none;}<\/style>\n<div class=\"wp-block-kadence-advancedbtn kt-btn-align-left kt-btn-tablet-align-inherit kt-btn-mobile-align-inherit kt-btns-wrap kt-btns_6d46a9-8c\"><div class=\"kt-btn-wrap kt-btn-wrap-0\"><a class=\"kt-button button kt-btn-0-action kt-btn-size-standard kt-btn-style-basic kt-btn-svg-show-always kt-btn-has-text-true kt-btn-has-svg-false kb-btn-global-inherit wp-block-button__link\" href=\"#\"><span class=\"kt-btn-inner-text\">VAraa<\/span><\/a><\/div><\/div>\n<\/div><\/div>\n<\/div><\/div><\/div>\n\n\n<style>#kt-layout-id_147b18-0d > .kt-row-column-wrap{align-content:start;}:where(#kt-layout-id_147b18-0d > .kt-row-column-wrap) > .wp-block-kadence-column{justify-content:start;}#kt-layout-id_147b18-0d > .kt-row-column-wrap{column-gap:var(--global-kb-gap-md, 2rem);row-gap:var(--global-kb-gap-md, 2rem);padding-top:var( --global-kb-row-default-top, 25px );padding-bottom:var( --global-kb-row-default-bottom, 25px );padding-top:0px;padding-bottom:0px;grid-template-columns:minmax(0, calc(45% - ((var(--global-kb-gap-md, 2rem) * 1 )\/2)))minmax(0, calc(55% - ((var(--global-kb-gap-md, 2rem) * 1 )\/2)));}#kt-layout-id_147b18-0d > .kt-row-layout-overlay{opacity:0.30;}@media all and (max-width: 1024px){#kt-layout-id_147b18-0d > .kt-row-column-wrap{grid-template-columns:repeat(2, minmax(0, 1fr));}}@media all and (max-width: 767px){#kt-layout-id_147b18-0d > .kt-row-column-wrap{grid-template-columns:minmax(0, 1fr);}}<\/style>\n<div class=\"wp-block-kadence-rowlayout alignnone\"><div id=\"kt-layout-id_147b18-0d\" class=\"kt-row-layout-inner kt-layout-id_147b18-0d\"><div class=\"kt-row-column-wrap kt-has-2-columns kt-gutter-default kt-v-gutter-default kt-row-valign-top kt-row-layout-equal kt-tab-layout-inherit kt-m-colapse-left-to-right kt-mobile-layout-row  kt-custom-first-width-45  kt-custom-second-width-55\"><style>.kadence-column_8cb532-e6 > .kt-inside-inner-col{border-top-width:0px;border-right-width:0px;border-bottom-width:0px;border-left-width:0px;}.kadence-column_8cb532-e6 > .kt-inside-inner-col,.kadence-column_8cb532-e6 > .kt-inside-inner-col:before{border-top-left-radius:0px;border-top-right-radius:0px;border-bottom-right-radius:0px;border-bottom-left-radius:0px;}.kadence-column_8cb532-e6 > .kt-inside-inner-col{column-gap:var(--global-kb-gap-sm, 1rem);}.kadence-column_8cb532-e6 > .kt-inside-inner-col{flex-direction:column;}.kadence-column_8cb532-e6 > .kt-inside-inner-col > .aligncenter{width:100%;}.kadence-column_8cb532-e6 > .kt-inside-inner-col:before{opacity:0.3;}.kadence-column_8cb532-e6{position:relative;}@media all and (max-width: 1024px){.kadence-column_8cb532-e6 > .kt-inside-inner-col{flex-direction:column;justify-content:center;}}@media all and (max-width: 767px){.kadence-column_8cb532-e6 > .kt-inside-inner-col{flex-direction:column;justify-content:center;}}<\/style>\n<div class=\"wp-block-kadence-column inner-column-1 kadence-column_8cb532-e6\"><div class=\"kt-inside-inner-col\"><\/div><\/div>\n\n\n<style>.kadence-column_f5f85b-fb > .kt-inside-inner-col{padding-top:30px;padding-bottom:30px;padding-left:30px;padding-right:30px;}.kadence-column_f5f85b-fb > .kt-inside-inner-col{border-top-width:0px;border-right-width:0px;border-bottom-width:0px;border-left-width:0px;}.kadence-column_f5f85b-fb > .kt-inside-inner-col,.kadence-column_f5f85b-fb > .kt-inside-inner-col:before{border-top-left-radius:0px;border-top-right-radius:0px;border-bottom-right-radius:0px;border-bottom-left-radius:0px;}.kadence-column_f5f85b-fb > .kt-inside-inner-col{column-gap:var(--global-kb-gap-sm, 1rem);}.kadence-column_f5f85b-fb > .kt-inside-inner-col{flex-direction:column;}.kadence-column_f5f85b-fb > .kt-inside-inner-col > .aligncenter{width:100%;}.kadence-column_f5f85b-fb > .kt-inside-inner-col{background-color:var(--global-palette9, #ffffff);}.kadence-column_f5f85b-fb > .kt-inside-inner-col:before{opacity:0.3;}.kadence-column_f5f85b-fb{position:relative;}.wp-block-kadence-column.kadence-column_f5f85b-fb > .kt-inside-inner-col{margin-top:-150px;}@media all and (max-width: 1024px){.kadence-column_f5f85b-fb > .kt-inside-inner-col{flex-direction:column;justify-content:center;}}@media all and (max-width: 767px){.kadence-column_f5f85b-fb > .kt-inside-inner-col{flex-direction:column;justify-content:center;}}<\/style>\n<div class=\"wp-block-kadence-column inner-column-2 kadence-column_f5f85b-fb\"><div class=\"kt-inside-inner-col\"><style>#kt-layout-id_20b76c-e5 > .kt-row-column-wrap{align-content:start;}:where(#kt-layout-id_20b76c-e5 > .kt-row-column-wrap) > .wp-block-kadence-column{justify-content:start;}#kt-layout-id_20b76c-e5 > .kt-row-column-wrap{column-gap:var(--global-kb-gap-md, 2rem);row-gap:var(--global-kb-gap-md, 2rem);padding-top:var( --global-kb-row-default-top, 25px );padding-bottom:var( --global-kb-row-default-bottom, 25px );padding-top:0px;padding-bottom:0px;}#kt-layout-id_20b76c-e5 > .kt-row-column-wrap > div:not(.added-for-specificity){grid-column:initial;}#kt-layout-id_20b76c-e5 > .kt-row-column-wrap{grid-template-columns:repeat(3, minmax(0, 1fr));}#kt-layout-id_20b76c-e5 > .kt-row-layout-overlay{opacity:0.30;}@media all and (max-width: 1024px){#kt-layout-id_20b76c-e5 > .kt-row-column-wrap > div:not(.added-for-specificity){grid-column:initial;}}@media all and (max-width: 1024px){#kt-layout-id_20b76c-e5 > .kt-row-column-wrap{grid-template-columns:repeat(3, minmax(0, 1fr));}}@media all and (max-width: 767px){#kt-layout-id_20b76c-e5 > .kt-row-column-wrap > div:not(.added-for-specificity){grid-column:initial;}#kt-layout-id_20b76c-e5 > .kt-row-column-wrap{grid-template-columns:minmax(0, 1fr);}}<\/style>\n<div class=\"wp-block-kadence-rowlayout alignnone\"><div id=\"kt-layout-id_20b76c-e5\" class=\"kt-row-layout-inner kt-layout-id_20b76c-e5\"><div class=\"kt-row-column-wrap kt-has-3-columns kt-gutter-default kt-v-gutter-default kt-row-valign-top kt-row-layout-equal kt-tab-layout-inherit kt-m-colapse-left-to-right kt-mobile-layout-row\"><style>.kadence-column_f39fc4-bb > .kt-inside-inner-col{padding-top:150px;}.kadence-column_f39fc4-bb > .kt-inside-inner-col{border-top-width:0px;border-right-width:0px;border-bottom-width:0px;border-left-width:0px;}.kadence-column_f39fc4-bb > .kt-inside-inner-col,.kadence-column_f39fc4-bb > .kt-inside-inner-col:before{border-top-left-radius:0px;border-top-right-radius:0px;border-bottom-right-radius:0px;border-bottom-left-radius:0px;}.kadence-column_f39fc4-bb > .kt-inside-inner-col{column-gap:var(--global-kb-gap-sm, 1rem);}.kadence-column_f39fc4-bb > .kt-inside-inner-col{flex-direction:column;}.kadence-column_f39fc4-bb > .kt-inside-inner-col > .aligncenter{width:100%;}.kadence-column_f39fc4-bb > .kt-inside-inner-col{background-image:url('https:\/\/www.kajakkivuokrauskuopio.fi\/wp-content\/uploads\/2021\/12\/kal-visuals-1YET7ksfk9c22-unsplash.jpg');background-size:cover;background-position:center center;background-attachment:scroll;background-repeat:no-repeat;}.kadence-column_f39fc4-bb > .kt-inside-inner-col:before{opacity:0.3;}.kadence-column_f39fc4-bb{position:relative;}@media all and (max-width: 1024px){.kadence-column_f39fc4-bb > .kt-inside-inner-col{flex-direction:column;justify-content:center;}}@media all and (max-width: 767px){.kadence-column_f39fc4-bb > .kt-inside-inner-col{flex-direction:column;justify-content:center;}}<\/style>\n<div class=\"wp-block-kadence-column inner-column-1 kadence-column_f39fc4-bb\"><div class=\"kt-inside-inner-col\"><style>.wp-block-kadence-advancedheading.kt-adv-heading_185eb3-38, .wp-block-kadence-advancedheading.kt-adv-heading_185eb3-38[data-kb-block=\"kb-adv-heading_185eb3-38\"]{text-align:center;font-style:normal;}.wp-block-kadence-advancedheading.kt-adv-heading_185eb3-38 mark.kt-highlight, .wp-block-kadence-advancedheading.kt-adv-heading_185eb3-38[data-kb-block=\"kb-adv-heading_185eb3-38\"] mark.kt-highlight{font-style:normal;color:#f76a0c;-webkit-box-decoration-break:clone;box-decoration-break:clone;padding-top:0px;padding-right:0px;padding-bottom:0px;padding-left:0px;}<\/style>\n<h6 class=\"kt-adv-heading_185eb3-38 wp-block-kadence-advancedheading has-theme-palette-9-color has-text-color has-theme-palette-3-background-color has-background\" data-kb-block=\"kb-adv-heading_185eb3-38\">Kohteet<\/h6>\n<\/div><\/div>\n\n\n<style>.kadence-column_5c4ce7-e4 > .kt-inside-inner-col{padding-top:150px;}.kadence-column_5c4ce7-e4 > .kt-inside-inner-col{border-top-width:0px;border-right-width:0px;border-bottom-width:0px;border-left-width:0px;}.kadence-column_5c4ce7-e4 > .kt-inside-inner-col,.kadence-column_5c4ce7-e4 > .kt-inside-inner-col:before{border-top-left-radius:0px;border-top-right-radius:0px;border-bottom-right-radius:0px;border-bottom-left-radius:0px;}.kadence-column_5c4ce7-e4 > .kt-inside-inner-col{column-gap:var(--global-kb-gap-sm, 1rem);}.kadence-column_5c4ce7-e4 > .kt-inside-inner-col{flex-direction:column;}.kadence-column_5c4ce7-e4 > .kt-inside-inner-col > .aligncenter{width:100%;}.kadence-column_5c4ce7-e4 > .kt-inside-inner-col{background-image:url('https:\/\/www.kajakkivuokrauskuopio.fi\/wp-content\/uploads\/2021\/12\/blog-1-1.jpg');background-size:cover;background-position:center center;background-attachment:scroll;background-repeat:no-repeat;}.kadence-column_5c4ce7-e4 > .kt-inside-inner-col:before{opacity:0.3;}.kadence-column_5c4ce7-e4{position:relative;}@media all and (max-width: 1024px){.kadence-column_5c4ce7-e4 > .kt-inside-inner-col{flex-direction:column;justify-content:center;}}@media all and (max-width: 767px){.kadence-column_5c4ce7-e4 > .kt-inside-inner-col{flex-direction:column;justify-content:center;}}<\/style>\n<div class=\"wp-block-kadence-column inner-column-2 kadence-column_5c4ce7-e4\"><div class=\"kt-inside-inner-col\"><style>.wp-block-kadence-advancedheading.kt-adv-heading_315474-61, .wp-block-kadence-advancedheading.kt-adv-heading_315474-61[data-kb-block=\"kb-adv-heading_315474-61\"]{text-align:center;font-style:normal;}.wp-block-kadence-advancedheading.kt-adv-heading_315474-61 mark.kt-highlight, .wp-block-kadence-advancedheading.kt-adv-heading_315474-61[data-kb-block=\"kb-adv-heading_315474-61\"] mark.kt-highlight{font-style:normal;color:#f76a0c;-webkit-box-decoration-break:clone;box-decoration-break:clone;padding-top:0px;padding-right:0px;padding-bottom:0px;padding-left:0px;}<\/style>\n<h6 class=\"kt-adv-heading_315474-61 wp-block-kadence-advancedheading has-theme-palette-9-color has-text-color has-theme-palette-3-background-color has-background\" data-kb-block=\"kb-adv-heading_315474-61\">Opas<\/h6>\n<\/div><\/div>\n\n\n<style>.kadence-column_e0d37f-fe > .kt-inside-inner-col{padding-top:150px;}.kadence-column_e0d37f-fe > .kt-inside-inner-col{border-top-width:0px;border-right-width:0px;border-bottom-width:0px;border-left-width:0px;}.kadence-column_e0d37f-fe > .kt-inside-inner-col,.kadence-column_e0d37f-fe > .kt-inside-inner-col:before{border-top-left-radius:0px;border-top-right-radius:0px;border-bottom-right-radius:0px;border-bottom-left-radius:0px;}.kadence-column_e0d37f-fe > .kt-inside-inner-col{column-gap:var(--global-kb-gap-sm, 1rem);}.kadence-column_e0d37f-fe > .kt-inside-inner-col{flex-direction:column;}.kadence-column_e0d37f-fe > .kt-inside-inner-col > .aligncenter{width:100%;}.kadence-column_e0d37f-fe > .kt-inside-inner-col{background-image:url('https:\/\/www.kajakkivuokrauskuopio.fi\/wp-content\/uploads\/2021\/12\/kal-visuals-1YET7ksfk9c-223unsplash.jpg');background-size:cover;background-position:center center;background-attachment:scroll;background-repeat:no-repeat;}.kadence-column_e0d37f-fe > .kt-inside-inner-col:before{opacity:0.3;}.kadence-column_e0d37f-fe{position:relative;}@media all and (max-width: 1024px){.kadence-column_e0d37f-fe > .kt-inside-inner-col{flex-direction:column;justify-content:center;}}@media all and (max-width: 767px){.kadence-column_e0d37f-fe > .kt-inside-inner-col{flex-direction:column;justify-content:center;}}<\/style>\n<div class=\"wp-block-kadence-column inner-column-3 kadence-column_e0d37f-fe\"><div class=\"kt-inside-inner-col\"><style>.wp-block-kadence-advancedheading.kt-adv-heading_e9c9c3-31, .wp-block-kadence-advancedheading.kt-adv-heading_e9c9c3-31[data-kb-block=\"kb-adv-heading_e9c9c3-31\"]{text-align:center;font-style:normal;}.wp-block-kadence-advancedheading.kt-adv-heading_e9c9c3-31 mark.kt-highlight, .wp-block-kadence-advancedheading.kt-adv-heading_e9c9c3-31[data-kb-block=\"kb-adv-heading_e9c9c3-31\"] mark.kt-highlight{font-style:normal;color:#f76a0c;-webkit-box-decoration-break:clone;box-decoration-break:clone;padding-top:0px;padding-right:0px;padding-bottom:0px;padding-left:0px;}<\/style>\n<h6 class=\"kt-adv-heading_e9c9c3-31 wp-block-kadence-advancedheading has-theme-palette-9-color has-text-color has-theme-palette-3-background-color has-background\" data-kb-block=\"kb-adv-heading_e9c9c3-31\">EL\u00c4MYS<\/h6>\n<\/div><\/div>\n<\/div><\/div><\/div>\n<\/div><\/div>\n<\/div><\/div><\/div>\n\n\n<style>#kt-layout-id_671e93-cb > .kt-row-column-wrap{align-content:start;}:where(#kt-layout-id_671e93-cb > .kt-row-column-wrap) > .wp-block-kadence-column{justify-content:start;}#kt-layout-id_671e93-cb > .kt-row-column-wrap{column-gap:var(--global-kb-gap-md, 2rem);row-gap:var(--global-kb-gap-md, 2rem);max-width:var( --global-content-width, 1290px );padding-left:var(--global-content-edge-padding);padding-right:var(--global-content-edge-padding);padding-top:var( --global-kb-row-default-top, 25px );padding-bottom:var( --global-kb-row-default-bottom, 25px );padding-top:80px;padding-bottom:230px;grid-template-columns:minmax(0, 1fr);}#kt-layout-id_671e93-cb > .kt-row-layout-overlay{opacity:0.30;}@media all and (max-width: 1024px){#kt-layout-id_671e93-cb > .kt-row-column-wrap{grid-template-columns:minmax(0, 1fr);}}@media all and (max-width: 767px){#kt-layout-id_671e93-cb > .kt-row-column-wrap{padding-bottom:100px;grid-template-columns:minmax(0, 1fr);}}#kt-layout-id_671e93-cb .rotate-text {  transform-origin: 0 0;  transform: rotate(-90deg);}<\/style>\n<div class=\"wp-block-kadence-rowlayout alignnone\"><div id=\"kt-layout-id_671e93-cb\" class=\"kt-row-layout-inner kt-row-has-bg kt-layout-id_671e93-cb has-theme-palette-8-background-color\"><div class=\"kt-row-column-wrap kt-has-1-columns kt-gutter-default kt-v-gutter-default kt-row-valign-top kt-row-layout-equal kt-tab-layout-inherit kt-m-colapse-left-to-right kt-mobile-layout-row kb-theme-content-width\"><style>.kadence-column_4b4155-67 > .kt-inside-inner-col{border-top-width:0px;border-right-width:0px;border-bottom-width:0px;border-left-width:0px;}.kadence-column_4b4155-67 > .kt-inside-inner-col,.kadence-column_4b4155-67 > .kt-inside-inner-col:before{border-top-left-radius:0px;border-top-right-radius:0px;border-bottom-right-radius:0px;border-bottom-left-radius:0px;}.kadence-column_4b4155-67 > .kt-inside-inner-col{column-gap:var(--global-kb-gap-sm, 1rem);}.kadence-column_4b4155-67 > .kt-inside-inner-col{flex-direction:column;}.kadence-column_4b4155-67 > .kt-inside-inner-col > .aligncenter{width:100%;}.kadence-column_4b4155-67 > .kt-inside-inner-col:before{opacity:0.3;}.kadence-column_4b4155-67{position:relative;}@media all and (max-width: 1024px){.kadence-column_4b4155-67 > .kt-inside-inner-col{flex-direction:column;justify-content:center;}}@media all and (max-width: 767px){.kadence-column_4b4155-67 > .kt-inside-inner-col{flex-direction:column;justify-content:center;}}<\/style>\n<div class=\"wp-block-kadence-column inner-column-1 kadence-column_4b4155-67\"><div class=\"kt-inside-inner-col\"><style>.wp-block-kadence-advancedheading.kt-adv-heading_e2c2f3-12, .wp-block-kadence-advancedheading.kt-adv-heading_e2c2f3-12[data-kb-block=\"kb-adv-heading_e2c2f3-12\"]{text-align:center;font-style:normal;}.wp-block-kadence-advancedheading.kt-adv-heading_e2c2f3-12 mark.kt-highlight, .wp-block-kadence-advancedheading.kt-adv-heading_e2c2f3-12[data-kb-block=\"kb-adv-heading_e2c2f3-12\"] mark.kt-highlight{font-style:normal;color:#f76a0c;-webkit-box-decoration-break:clone;box-decoration-break:clone;padding-top:0px;padding-right:0px;padding-bottom:0px;padding-left:0px;}<\/style>\n<h2 class=\"kt-adv-heading_e2c2f3-12 wp-block-kadence-advancedheading\" data-kb-block=\"kb-adv-heading_e2c2f3-12\">Hinnat<\/h2>\n\n\n<style>.wp-block-kadence-advancedheading.kt-adv-heading_b87e3d-2d, .wp-block-kadence-advancedheading.kt-adv-heading_b87e3d-2d[data-kb-block=\"kb-adv-heading_b87e3d-2d\"]{text-align:center;font-style:normal;}.wp-block-kadence-advancedheading.kt-adv-heading_b87e3d-2d mark.kt-highlight, .wp-block-kadence-advancedheading.kt-adv-heading_b87e3d-2d[data-kb-block=\"kb-adv-heading_b87e3d-2d\"] mark.kt-highlight{font-style:normal;color:#f76a0c;-webkit-box-decoration-break:clone;box-decoration-break:clone;padding-top:0px;padding-right:0px;padding-bottom:0px;padding-left:0px;}<\/style>\n<p class=\"kt-adv-heading_b87e3d-2d wp-block-kadence-advancedheading has-theme-palette-5-color has-text-color\" data-kb-block=\"kb-adv-heading_b87e3d-2d\">20\u20ac \/ 2h<br>40\u20ac \/ 5h<br>50\u20ac \/ vrk<\/p>\n\n\n\n<p class=\"has-text-align-center\">Vuokra sis\u00e4lt\u00e4\u00e4 kajakin, melan, pelastusliivit aukkopeiton. Mahdollisuus vuokrata my\u00f6s retkeilyv\u00e4linent\u00e4.<br>Maksu k\u00e4teinen tai pankki-\/ luottokortti.<\/p>\n<\/div><\/div>\n<\/div><\/div><\/div>\n\n\n\n<p><\/p>\n","protected":false},"excerpt":{"rendered":"<p>KajakkiVuokraus Kuopio Kohteet Opas EL\u00c4MYS Hinnat 20\u20ac \/ 2h40\u20ac \/ 5h50\u20ac \/ vrk Vuokra sis\u00e4lt\u00e4\u00e4 kajakin, melan, pelastusliivit aukkopeiton. Mahdollisuus vuokrata my\u00f6s retkeilyv\u00e4linent\u00e4.Maksu k\u00e4teinen tai pankki-\/ luottokortti.<\/p>\n","protected":false},"author":1,"featured_media":1104,"parent":0,"menu_order":0,"comment_status":"closed","ping_status":"closed","template":"","meta":{"_kad_blocks_custom_css":"","_kad_blocks_head_custom_js":"","_kad_blocks_body_custom_js":"","_kad_blocks_footer_custom_js":"","_kadence_starter_templates_imported_post":true,"_kad_post_transparent":"","_kad_post_title":"hide","_kad_post_layout":"fullwidth","_kad_post_sidebar_id":"","_kad_post_content_style":"unboxed","_kad_post_vertical_padding":"hide","_kad_post_feature":"hide","_kad_post_feature_position":"","_kad_post_header":false,"_kad_post_footer":false,"footnotes":""},"class_list":["post-38","page","type-page","status-publish","has-post-thumbnail","hentry"],"taxonomy_info":[],"featured_image_src_large":["https:\/\/www.kajakkivuokrauskuopio.fi\/wp-content\/uploads\/2022\/01\/Home-1-scaled-1-235x1024.jpeg",235,1024,true],"author_info":{"display_name":"admin","author_link":"https:\/\/www.kajakkivuokrauskuopio.fi\/?author=1"},"comment_info":0,"_links":{"self":[{"href":"https:\/\/www.kajakkivuokrauskuopio.fi\/index.php?rest_route=\/wp\/v2\/pages\/38","targetHints":{"allow":["GET"]}}],"collection":[{"href":"https:\/\/www.kajakkivuokrauskuopio.fi\/index.php?rest_route=\/wp\/v2\/pages"}],"about":[{"href":"https:\/\/www.kajakkivuokrauskuopio.fi\/index.php?rest_route=\/wp\/v2\/types\/page"}],"author":[{"embeddable":true,"href":"https:\/\/www.kajakkivuokrauskuopio.fi\/index.php?rest_route=\/wp\/v2\/users\/1"}],"replies":[{"embeddable":true,"href":"https:\/\/www.kajakkivuokrauskuopio.fi\/index.php?rest_route=%2Fwp%2Fv2%2Fcomments&post=38"}],"version-history":[{"count":5,"href":"https:\/\/www.kajakkivuokrauskuopio.fi\/index.php?rest_route=\/wp\/v2\/pages\/38\/revisions"}],"predecessor-version":[{"id":1173,"href":"https:\/\/www.kajakkivuokrauskuopio.fi\/index.php?rest_route=\/wp\/v2\/pages\/38\/revisions\/1173"}],"wp:featuredmedia":[{"embeddable":true,"href":"https:\/\/www.kajakkivuokrauskuopio.fi\/index.php?rest_route=\/wp\/v2\/media\/1104"}],"wp:attachment":[{"href":"https:\/\/www.kajakkivuokrauskuopio.fi\/index.php?rest_route=%2Fwp%2Fv2%2Fmedia&parent=38"}],"curies":[{"name":"wp","href":"https:\/\/api.w.org\/{rel}","templated":true}]}}